{"id":57142,"date":"2024-02-20T11:35:51","date_gmt":"2024-02-20T10:35:51","guid":{"rendered":"https:\/\/www.habity.es\/reseaux-sociaux-politique-de-confidentialite\/"},"modified":"2026-03-26T08:25:03","modified_gmt":"2026-03-26T07:25:03","slug":"reseaux-sociaux-politique-de-confidentialite","status":"publish","type":"page","link":"https:\/\/www.habity.es\/fr\/reseaux-sociaux-politique-de-confidentialite\/","title":{"rendered":"R\u00e9seaux sociaux : Politique de confidentialit\u00e9"},"content":{"rendered":"\t\t<div data-elementor-type=\"wp-page\" data-elementor-id=\"57142\" class=\"elementor elementor-57142 elementor-15954\" data-elementor-post-type=\"page\">\n\t\t\t\t<div class=\"elementor-element elementor-element-e9e8505 e-flex e-con-boxed e-con e-parent\" data-id=\"e9e8505\" data-element_type=\"container\" data-e-type=\"container\">\n\t\t\t\t\t<div class=\"e-con-inner\">\n\t\t\t\t<div class=\"elementor-element elementor-element-38a4020 elementor-widget elementor-widget-text-editor\" data-id=\"38a4020\" data-element_type=\"widget\" data-e-type=\"widget\" data-widget_type=\"text-editor.default\">\n\t\t\t\t<div class=\"elementor-widget-container\">\n\t\t\t\t\t\t\t\t\t<p>POLITIQUE DE CONFIDENTIALIT\u00c9 DANS LES R\u00c9SEAUX SOCIAUX<\/p>\t\t\t\t\t\t\t\t<\/div>\n\t\t\t\t<\/div>\n\t\t\t\t<div class=\"elementor-element elementor-element-c76de42 elementor-widget elementor-widget-text-editor\" data-id=\"c76de42\" data-element_type=\"widget\" data-e-type=\"widget\" data-widget_type=\"text-editor.default\">\n\t\t\t\t<div class=\"elementor-widget-container\">\n\t\t\t\t\t\t\t\t\t<p><strong>1. INFORMATIONS SUR L&rsquo;UTILISATEUR<\/strong><\/p><p><strong>Qui est le responsable du traitement de tes donn\u00e9es personnelles ?<\/strong><br>UPEMUR, S.L.U., ci-apr\u00e8s, <strong>CONTR\u00d4LEUR<\/strong>, informe l&rsquo;<strong>UTILISATEUR<\/strong> qu&rsquo;il a proc\u00e9d\u00e9 \u00e0 la cr\u00e9ation d&rsquo;un profil sur les R\u00e9seaux Sociaux Facebook, Instagram, Twitter, LinkedIn, Youtube, Vimeo et Google+, qu&rsquo;il est le responsable du traitement des donn\u00e9es personnelles de l&rsquo;utilisateur qui ont lieu sur ces r\u00e9seaux sociaux et l&rsquo;informe que ces donn\u00e9es seront trait\u00e9es conform\u00e9ment aux dispositions du R\u00e8glement (UE) 2016\/679 du 27 avril (GDPR) et de la Loi Organique 3\/2018 du 5 d\u00e9cembre (LOPDGDD), en fournissant les informations suivantes sur le traitement :<\/p><p><strong>\u00bfDans quel but traitons-nous tes donn\u00e9es personnelles ?<\/strong><br><strong>Finalit\u00e9s du traitement des donn\u00e9es :<\/strong> maintien d&rsquo;une relation entre l&rsquo;UTILISATEUR et le CONTR\u00d4LEUR qui peut inclure les op\u00e9rations suivantes :<\/p><ul><li>Traiter les demandes et les requ\u00eates adress\u00e9es au responsable du traitement des donn\u00e9es.<\/li><li>Rapport sur les activit\u00e9s et les \u00e9v\u00e9nements organis\u00e9s par le responsable du traitement des donn\u00e9es.<\/li><li>Informer sur les produits ou services propos\u00e9s par le responsable du traitement des donn\u00e9es.<\/li><li>Interagis avec les profils officiels<\/li><\/ul><p><strong>\u00bfPourquoi pouvons-nous traiter tes donn\u00e9es personnelles ?<\/strong><br><strong>Base juridique du traitement :<\/strong> article 6.1.a GDPR, la personne concern\u00e9e a donn\u00e9 son consentement au traitement de ses donn\u00e9es personnelles pour une ou plusieurs finalit\u00e9s sp\u00e9cifiques. L&rsquo;UTILISATEUR a un profil dans le m\u00eame r\u00e9seau social et a d\u00e9cid\u00e9 de rejoindre le r\u00e9seau social<br>du CONTR\u00d4LEUR en montrant de l&rsquo;int\u00e9r\u00eat pour les informations qui y sont publi\u00e9es, donc, au moment de demander \u00e0 suivre nos profils officiels, nous donne son consentement pour le traitement de ces donn\u00e9es personnelles publi\u00e9es dans son profil.<br>L&rsquo;UTILISATEUR peut acc\u00e9der \u00e0 tout moment aux politiques de confidentialit\u00e9 du r\u00e9seau social lui-m\u00eame, ainsi que configurer son profil pour assurer sa confidentialit\u00e9<br>.<br>Le CONTR\u00d4LEUR a acc\u00e8s et traite les informations publiques de l&rsquo;UTILISATEUR, en particulier son nom de contact. Ces donn\u00e9es ne sont utilis\u00e9es qu&rsquo;au sein du r\u00e9seau social et ne seront int\u00e9gr\u00e9es au dossier d&rsquo;un CONTR\u00d4LEUR que lorsque cela est n\u00e9cessaire pour traiter la demande de l&rsquo;UTILISATEUR<br>.  <\/p><p><strong>Pendant combien de temps conserverons-nous tes donn\u00e9es personnelles ?<\/strong><br><strong>Crit\u00e8res de conservation des donn\u00e9es :<\/strong> les donn\u00e9es seront conserv\u00e9es tant que l&rsquo;UTILISATEUR ne r\u00e9voque pas le consentement donn\u00e9, comme indiqu\u00e9 dans la pr\u00e9sente politique de confidentialit\u00e9<br>.<\/p><p><strong>A qui divulguons-nous tes donn\u00e9es personnelles ?<\/strong><br><strong>Communication de donn\u00e9es :<\/strong> les informations fournies par l&rsquo;UTILISATEUR \u00e0 travers les r\u00e9seaux sociaux du CONTR\u00d4LEUR, y compris ses donn\u00e9es personnelles, peuvent \u00eatre publi\u00e9es, toujours en fonction des services que l&rsquo;UTILISATEUR utilise, afin qu&rsquo;elles soient publiquement accessibles \u00e0 d&rsquo;autres tiers utilisateurs des r\u00e9seaux sociaux. Depuis le profil de chaque r\u00e9seau social, l&rsquo;UTILISATEUR peut configurer les informations qu&rsquo;il souhaite rendre publiques dans chaque cas, voir les autorisations qui ont \u00e9t\u00e9 accord\u00e9es, les supprimer ou les d\u00e9sactiver, comme toute application d&rsquo;un tiers que tu ne veux plus utiliser.<br>Aucune communication de donn\u00e9es personnelles \u00e0 des tiers hors du r\u00e9seau social n&rsquo;est pr\u00e9vue sauf, si cela est n\u00e9cessaire pour le d\u00e9veloppement et l&rsquo;ex\u00e9cution des finalit\u00e9s du traitement, \u00e0 nos fournisseurs de services li\u00e9s aux communications, avec lesquels le CONTR\u00d4LEUR a sign\u00e9 les contrats de confidentialit\u00e9 et de traitement des donn\u00e9es exig\u00e9s par la r\u00e9glementation en vigueur en mati\u00e8re de protection de la vie priv\u00e9e. <\/p><p><strong>Quels sont tes droits ?<\/strong><br><strong>Droits de l&rsquo;UTILISATEUR :<\/strong> ils ne peuvent \u00eatre exerc\u00e9s qu&rsquo;en relation avec les informations qui sont sous le contr\u00f4le du CONTR\u00d4LEUR.<\/p><ul><li>Droit de retirer son consentement \u00e0 tout moment<\/li><li>Droit d&rsquo;acc\u00e8s, de rectification, de portabilit\u00e9 et d&rsquo;effacement de tes donn\u00e9es et de limitation ou d&rsquo;opposition \u00e0 leur traitement.<\/li><li>Le droit de d\u00e9poser une r\u00e9clamation aupr\u00e8s de l&rsquo;autorit\u00e9 de surveillance espagnole (www.aepd.es) si tu consid\u00e8res que le traitement n&rsquo;est pas<br>conforme \u00e0 la l\u00e9gislation en vigueur.<\/li><\/ul><p><strong>Coordonn\u00e9es pour l&rsquo;exercice des droits :<\/strong><br>UPEMUR, S.L.U.. AVENIDA REINA VICTORIA EUGENIA, 16 4\u00ba B &#8211; 30204 CARTAGENA (Murcia). Courriel : domingo@habity.es  <\/p><p><strong>2. UTILISATION DU PROFIL<\/strong><\/p><p>Le contr\u00f4leur effectuera les actions suivantes :<\/p><ul><li>Acc\u00e8s aux informations publiques du profil.<\/li><li>Publication dans le profil de l&rsquo;UTILISATEUR de toutes les informations d\u00e9j\u00e0 publi\u00e9es dans le r\u00e9seau social du CONTR\u00d4LEUR.<\/li><li>Envoi de messages personnels et individuels \u00e0 travers les canaux du r\u00e9seau social.<\/li><li>Mises \u00e0 jour de l&rsquo;\u00e9tat de la page qui seront publi\u00e9es dans le profil de l&rsquo;UTILISATEUR.<\/li><\/ul><p>L&rsquo;UTILISATEUR peut toujours contr\u00f4ler ses connexions, supprimer les contenus qui ne l&rsquo;int\u00e9ressent plus et d\u00e9finir avec qui il partage<br>ses connexions ; pour cela, il doit acc\u00e9der \u00e0 ses param\u00e8tres de confidentialit\u00e9.<\/p><p><strong>3. PUBLICATIONS<\/strong><\/p><p>L&rsquo;UTILISATEUR, une fois qu&rsquo;il est un adepte ou qu&rsquo;il a rejoint le r\u00e9seau social du CONTR\u00d4LEUR, peut publier des commentaires, des liens, des images, des photographies<br>ou tout autre type de contenu multim\u00e9dia pris en charge par le r\u00e9seau social. L&rsquo;UTILISATEUR, dans tous les cas, doit \u00eatre le propri\u00e9taire du contenu publi\u00e9, avoir les droits d&rsquo;auteur et de propri\u00e9t\u00e9 intellectuelle ou avoir le consentement des tiers concern\u00e9s. <br>Toute publication sur le r\u00e9seau social, qu&rsquo;il s&rsquo;agisse de textes, de graphiques, de photographies, de vid\u00e9os, etc. qui menacent ou sont susceptibles de menacer la morale, l&rsquo;\u00e9thique, le bon go\u00fbt ou la biens\u00e9ance, et\/ou qui enfreignent, violent ou violent les droits de propri\u00e9t\u00e9 intellectuelle ou industrielle, le droit \u00e0 l&rsquo;image ou la Loi, est express\u00e9ment interdite.<br>Dans ces cas, le CONTR\u00d4LEUR se r\u00e9serve le droit de supprimer imm\u00e9diatement le contenu, sans pr\u00e9avis, et peut demander \u00e0<br>le blocage permanent de l&rsquo;UTILISATEUR.<br>Le CONTR\u00d4LEUR ne peut \u00eatre tenu responsable des contenus librement publi\u00e9s par un UTILISATEUR.<br>L&rsquo;UTILISATEUR doit garder \u00e0 l&rsquo;esprit que ses publications seront connues des autres utilisateurs, et qu&rsquo;il est donc le principal responsable de la protection de sa vie priv\u00e9e.<br>Les images qui peuvent \u00eatre publi\u00e9es sur le r\u00e9seau social ne seront stock\u00e9es dans aucun fichier par le CONTR\u00d4LEUR, mais elles resteront sur le r\u00e9seau social.<\/p><p><strong>4. LES DONN\u00c9ES SUR LES MINEURS OU LES PERSONNES AYANT DES BESOINS PARTICULIERS<\/strong><\/p><p>L&rsquo;acc\u00e8s et l&rsquo;inscription via les r\u00e9seaux sociaux du CONTR\u00d4LEUR sont interdits aux mineurs de moins de 14 ans. D&rsquo;autre part, si l&rsquo;UTILISATEUR est handicap\u00e9, l&rsquo;intervention du titulaire de son autorit\u00e9 parentale ou de sa tutelle sera n\u00e9cessaire, ou celle de son repr\u00e9sentant l\u00e9gal au moyen d&rsquo;un document valide qui accr\u00e9dite la repr\u00e9sentation. <\/p><p>Le CONTR\u00d4LEUR sera express\u00e9ment exon\u00e9r\u00e9 de toute responsabilit\u00e9 pouvant d\u00e9couler de l&rsquo;utilisation des r\u00e9seaux sociaux par des mineurs ou des personnes handicap\u00e9es<br>. Les r\u00e9seaux sociaux du CONTR\u00d4LEUR ne recueillent consciemment aucune information personnelle de la part des mineurs, par cons\u00e9quent, si l&rsquo;UTILISATEUR est mineur, il ne doit pas s&rsquo;inscrire, ni utiliser les r\u00e9seaux sociaux du CONTR\u00d4LEUR, ni fournir aucune information personnelle. <\/p>\t\t\t\t\t\t\t\t<\/div>\n\t\t\t\t<\/div>\n\t\t\t\t\t<\/div>\n\t\t\t\t<\/div>\n\t\t\t\t<\/div>\n\t\t","protected":false},"excerpt":{"rendered":"<p>POLITIQUE DE CONFIDENTIALIT\u00c9 DANS LES R\u00c9SEAUX SOCIAUX 1. INFORMATIONS SUR L&rsquo;UTILISATEUR Qui est le responsable du traitement de tes donn\u00e9es personnelles ?UPEMUR, S.L.U., ci-apr\u00e8s, CONTR\u00d4LEUR, informe l&rsquo;UTILISATEUR qu&rsquo;il a proc\u00e9d\u00e9 \u00e0 la cr\u00e9ation d&rsquo;un profil sur les R\u00e9seaux Sociaux Facebook, Instagram, Twitter, LinkedIn, Youtube, Vimeo et Google+, qu&rsquo;il est le responsable du traitement des donn\u00e9es&#8230;<\/p>\n","protected":false},"author":1,"featured_media":0,"parent":0,"menu_order":0,"comment_status":"closed","ping_status":"closed","template":"","meta":{"footnotes":""},"class_list":["post-57142","page","type-page","status-publish","hentry"],"_links":{"self":[{"href":"https:\/\/www.habity.es\/fr\/wp-json\/wp\/v2\/pages\/57142","targetHints":{"allow":["GET"]}}],"collection":[{"href":"https:\/\/www.habity.es\/fr\/wp-json\/wp\/v2\/pages"}],"about":[{"href":"https:\/\/www.habity.es\/fr\/wp-json\/wp\/v2\/types\/page"}],"author":[{"embeddable":true,"href":"https:\/\/www.habity.es\/fr\/wp-json\/wp\/v2\/users\/1"}],"replies":[{"embeddable":true,"href":"https:\/\/www.habity.es\/fr\/wp-json\/wp\/v2\/comments?post=57142"}],"version-history":[{"count":1,"href":"https:\/\/www.habity.es\/fr\/wp-json\/wp\/v2\/pages\/57142\/revisions"}],"predecessor-version":[{"id":57145,"href":"https:\/\/www.habity.es\/fr\/wp-json\/wp\/v2\/pages\/57142\/revisions\/57145"}],"wp:attachment":[{"href":"https:\/\/www.habity.es\/fr\/wp-json\/wp\/v2\/media?parent=57142"}],"curies":[{"name":"wp","href":"https:\/\/api.w.org\/{rel}","templated":true}]}}