{"id":57128,"date":"2024-02-20T11:50:34","date_gmt":"2024-02-20T10:50:34","guid":{"rendered":"https:\/\/www.habity.es\/politique-en-matiere-de-cookies\/"},"modified":"2026-03-26T08:29:51","modified_gmt":"2026-03-26T07:29:51","slug":"politique-en-matiere-de-cookies","status":"publish","type":"page","link":"https:\/\/www.habity.es\/fr\/politique-en-matiere-de-cookies\/","title":{"rendered":"Politique en mati\u00e8re de cookies"},"content":{"rendered":"\t\t<div data-elementor-type=\"wp-page\" data-elementor-id=\"57128\" class=\"elementor elementor-57128 elementor-15967\" data-elementor-post-type=\"page\">\n\t\t\t\t<div class=\"elementor-element elementor-element-7cd3e90 e-flex e-con-boxed e-con e-parent\" data-id=\"7cd3e90\" data-element_type=\"container\" data-e-type=\"container\">\n\t\t\t\t\t<div class=\"e-con-inner\">\n\t\t\t\t<div class=\"elementor-element elementor-element-e0b2b70 elementor-widget elementor-widget-text-editor\" data-id=\"e0b2b70\" data-element_type=\"widget\" data-e-type=\"widget\" data-widget_type=\"text-editor.default\">\n\t\t\t\t<div class=\"elementor-widget-container\">\n\t\t\t\t\t\t\t\t\t<p><strong>INFORMATIONS SUR LES COOKIES<\/strong><\/p><p>Conform\u00e9ment \u00e0 la loi 34\/2002, du 11 juillet, sur les services de la soci\u00e9t\u00e9 de l&rsquo;information et du commerce \u00e9lectronique (LSSI), en relation avec le r\u00e8glement (UE) 2016\/679 du Parlement europ\u00e9en et du Conseil, du 27 avril 2016, Protection g\u00e9n\u00e9rale des donn\u00e9es (GDPR) et la loi organique 3\/2018, du 5 d\u00e9cembre, Protection des donn\u00e9es et garantie des droits num\u00e9riques (LOPDGDD), il est obligatoire d&rsquo;obtenir le consentement expr\u00e8s de l&rsquo;utilisateur de toutes les pages web qui utilisent des cookies dispensables, avant de naviguer \u00e0 travers eux.<\/p><p><strong>QU&rsquo;EST-CE QU&rsquo;UN BISCUIT ?<\/strong><\/p><p>Les cookies et autres technologies similaires telles que les objets locaux partag\u00e9s, les cookies flash ou les pixels, sont des outils utilis\u00e9s par les serveurs Web pour stocker et r\u00e9cup\u00e9rer des informations sur leurs visiteurs, ainsi que pour permettre le bon fonctionnement du site.<br>Gr\u00e2ce \u00e0 l&rsquo;utilisation de ces dispositifs, le serveur Web est en mesure de se souvenir de certaines donn\u00e9es concernant l&rsquo;utilisateur, telles que ses pr\u00e9f\u00e9rences de visualisation des pages du serveur, son nom et son mot de passe, les produits qui l&rsquo;int\u00e9ressent le plus, etc.<\/p><p><strong>COOKIES AFFECT\u00c9S PAR, ET COOKIES EXEMPT\u00c9S DE LA R\u00c9GLEMENTATION<\/strong><br>Selon la directive europ\u00e9enne, les cookies qui n\u00e9cessitent le consentement \u00e9clair\u00e9 de l&rsquo;utilisateur sont les cookies d&rsquo;analyse, de publicit\u00e9 et d&rsquo;affiliation, tandis que les cookies techniques et ceux qui sont n\u00e9cessaires au fonctionnement du site web ou \u00e0 la fourniture de services express\u00e9ment demand\u00e9s par l&rsquo;utilisateur en sont exempt\u00e9s.<\/p><p><strong>TYPES DE COOKIES<\/strong><\/p><p><strong>EN FONCTION DE L&rsquo;OBJECTIF<\/strong><\/p><ul><li><strong> <em>Cookies<\/em> techniques et fonctionnels :<\/strong> permettent \u00e0 l&rsquo;utilisateur de naviguer sur un site web, une plateforme ou une application et l&rsquo;utilisation des diff\u00e9rentes options ou services qui y sont disponibles.<\/li><li><strong> <em>Cookies d&rsquo;<\/em>analyse :<\/strong> permettent au responsable du traitement de suivre et d&rsquo;analyser le comportement des utilisateurs des sites web auxquels ils sont li\u00e9s. Les informations collect\u00e9es par ce type de cookies sont utilis\u00e9es pour mesurer l&rsquo;activit\u00e9 des sites Internet, de l&rsquo;application ou de la plateforme et pour r\u00e9aliser le profilage de navigation des utilisateurs desdits sites, applications et plateformes, dans le but d&rsquo;introduire des am\u00e9liorations dans l&rsquo;analyse des donn\u00e9es des utilisateurs r\u00e9alis\u00e9e par les utilisateurs du service. <\/li><li><strong> <em>Cookies<\/em> publicitaires :<\/strong> permettent de g\u00e9rer, de la mani\u00e8re la plus efficace possible, les espaces publicitaires que, le cas \u00e9ch\u00e9ant, l&rsquo;\u00e9diteur a inclus dans un site web, une application ou une plateforme \u00e0 partir de laquelle le service demand\u00e9 est fourni, sur la base de donn\u00e9es telles que le contenu \u00e9dit\u00e9 ou la fr\u00e9quence \u00e0 laquelle les publicit\u00e9s sont faites.<\/li><li><strong> <em>Cookies de<\/em> publicit\u00e9 comportementale :<\/strong> collectent des informations sur les pr\u00e9f\u00e9rences et les choix personnels de l&rsquo;utilisateur (reciblage) afin de permettre la gestion, de la mani\u00e8re la plus efficace possible, des espaces publicitaires que, le cas \u00e9ch\u00e9ant, l&rsquo;\u00e9diteur a inclus dans un site web, une application ou une plateforme \u00e0 partir de laquelle le service demand\u00e9 est fourni.<\/li><li><strong> <em>Cookies<\/em> sociaux :<\/strong> \u00e9tablis par les plateformes de r\u00e9seaux sociaux dans les services pour permettre de partager des contenus avec des amis et des r\u00e9seaux. Les plateformes de r\u00e9seaux sociaux ont la possibilit\u00e9 de suivre l&rsquo;activit\u00e9 en ligne en dehors des services.<br>Cela peut affecter le contenu et les messages vus dans les autres services utilis\u00e9s. <\/li><li><strong> <em>Cookies d&rsquo;<\/em>affiliation<\/strong>: permettent de suivre les visites par le biais de liens provenant d&rsquo;autres sites Web, avec lesquels le site Web \u00e9tablit des accords d&rsquo;affiliation (soci\u00e9t\u00e9s affili\u00e9es).<\/li><li><strong> <em>Cookies de<\/em> s\u00e9curit\u00e9 :<\/strong> stockent des informations crypt\u00e9es afin d&rsquo;\u00e9viter que les donn\u00e9es stock\u00e9es dans ces derniers ne soient vuln\u00e9rables \u00e0 des attaques malveillantes de la part de tiers.<\/li><\/ul><p><strong>SELON LA PROPRI\u00c9T\u00c9<\/strong><\/p><ul><li><strong> <em>Cookies<\/em> propres :<\/strong> sont envoy\u00e9s \u00e0 l&rsquo;\u00e9quipe du terminal de l&rsquo;utilisateur \u00e0 partir d&rsquo;une \u00e9quipe ou d&rsquo;un pouvoir g\u00e9r\u00e9 par le propre \u00e9diteur et \u00e0 partir de<br>o\u00f9 le service demand\u00e9 est fourni par l&rsquo;utilisateur.<\/li><li><strong> <em>Cookies<\/em> tiers :<\/strong> sont envoy\u00e9s \u00e0 l&rsquo;\u00e9quipe du terminal de l&rsquo;utilisateur \u00e0 partir d&rsquo;une \u00e9quipe ou d&rsquo;une puissance qui n&rsquo;est pas g\u00e9r\u00e9e par l&rsquo;\u00e9diteur<br>, mais par un autre organisme qui traite les donn\u00e9es obtenues par le biais des cookies.<\/li><\/ul><p><strong>EN FONCTION DE LA P\u00c9RIODE DE STOCKAGE<\/strong><\/p><ul><li><strong>Les cookies de session :<\/strong> sont un type de cookie con\u00e7u pour collecter et stocker des donn\u00e9es tant que l&rsquo;utilisateur acc\u00e8de \u00e0 un site Web.<\/li><li><strong>Les cookies permanents :<\/strong> sont un type de cookies o\u00f9 les donn\u00e9es continuent d&rsquo;\u00eatre stock\u00e9es dans le terminal et peuvent \u00eatre consult\u00e9es et trait\u00e9es pendant une p\u00e9riode d\u00e9finie par le contr\u00f4leur de cookies, et qui peut aller de quelques minutes \u00e0 plusieurs ann\u00e9es.<\/li><\/ul><p><strong>TRAITEMENT DES DONN\u00c9ES PERSONNELLES<\/strong><\/p><p>UPEMUR, S.L.U. est le <strong>contr\u00f4leur<\/strong> des donn\u00e9es personnelles de la personne concern\u00e9e et l&rsquo;informe que ces donn\u00e9es seront trait\u00e9es conform\u00e9ment aux dispositions du r\u00e8glement (UE) 2016\/679, du 27 avril 2016 (GDPR), et par cons\u00e9quent les informations suivantes sur le traitement sont fournies :<\/p><p><strong>Finalit\u00e9s du traitement des donn\u00e9es :<\/strong> telles que sp\u00e9cifi\u00e9es dans la section des cookies qui sont utilis\u00e9s sur ce site web.<\/p><p><strong>L\u00e9gitimation du traitement :<\/strong> sauf dans les cas o\u00f9 il est n\u00e9cessaire pour la navigation web, par le consentement de la personne concern\u00e9e<br>(art. 6.1 GDPR).<\/p><p><strong>Crit\u00e8res de stockage des donn\u00e9es :<\/strong> comme sp\u00e9cifi\u00e9 dans la section des cookies utilis\u00e9s sur le site web.<\/p><p><strong>Communication des donn\u00e9es :<\/strong> les donn\u00e9es ne seront pas divulgu\u00e9es \u00e0 des tiers, sauf dans les cookies appartenant \u00e0 des tiers ou en vertu d&rsquo;une obligation l\u00e9gale<br>.<\/p><p><strong>Droits de la personne concern\u00e9e :<\/strong><br>&#8211; Droit de retirer son consentement \u00e0 tout moment.<br>&#8211; Droit d&rsquo;acc\u00e8s, de rectification, de portabilit\u00e9 et d&rsquo;effacement des donn\u00e9es et de limitation ou d&rsquo;opposition \u00e0 leur traitement.<br>Droit de d\u00e9poser une r\u00e9clamation aupr\u00e8s de l&rsquo;autorit\u00e9 de contr\u00f4le espagnole (www.aepd.es) si tu consid\u00e8res que le traitement n&rsquo;est pas conforme \u00e0 la l\u00e9gislation en vigueur.<\/p><p><strong>Coordonn\u00e9es pour exercer ses droits :<\/strong><br>UPEMUR, S.L.U.. AVENIDA REINA VICTORIA EUGENIA, 16 4\u00ba B &#8211; 30204 CARTAGENA (Murcia). Courriel : domingo@habity.es  <\/p><p><strong>COOKIES UTILIS\u00c9S SUR CE SITE WEB<\/strong><\/p><p><strong>COOKIES CONTROLES PAR L&rsquo;EDITEUR<\/strong><br>Aucun cookie contr\u00f4l\u00e9 par l&rsquo;\u00e9diteur n&rsquo;est install\u00e9.<\/p><p><strong>THIRD PARTY COOKIES<\/strong><br>Les services de tiers \u00e9chappent au contr\u00f4le de l&rsquo;\u00e9diteur. Les fournisseurs peuvent \u00e0 tout moment modifier leurs conditions de service, la finalit\u00e9 et l&rsquo;utilisation des cookies, etc. <br><strong>Fournisseurs externes de ce site web :<\/strong><br>Aucun cookie contr\u00f4l\u00e9 par un tiers n&rsquo;est install\u00e9.<\/p><p><strong>PANNEAU DE CONFIGURATION DES COOKIES<\/strong><\/p><p>Depuis ce panneau, l&rsquo;utilisateur pourra configurer les cookies que le site Web peut installer dans son navigateur, \u00e0 l&rsquo;exception des cookies techniques ou fonctionnels qui sont n\u00e9cessaires \u00e0 la navigation et \u00e0 l&rsquo;utilisation des diff\u00e9rentes options ou services qui sont propos\u00e9s.<\/p>\t\t\t\t\t\t\t\t<\/div>\n\t\t\t\t<\/div>\n\t\t\t\t<div class=\"elementor-element elementor-element-6292782 elementor-widget elementor-widget-text-editor\" data-id=\"6292782\" data-element_type=\"widget\" data-e-type=\"widget\" data-widget_type=\"text-editor.default\">\n\t\t\t\t<div class=\"elementor-widget-container\">\n\t\t\t\t\t\t\t\t\t<p style=\"text-align: center;\"><span style=\"text-decoration: underline;\"><strong>Panneau de cookies<\/strong><\/span><\/p>\t\t\t\t\t\t\t\t<\/div>\n\t\t\t\t<\/div>\n\t\t\t\t<div class=\"elementor-element elementor-element-558dbdc elementor-widget elementor-widget-text-editor\" data-id=\"558dbdc\" data-element_type=\"widget\" data-e-type=\"widget\" data-widget_type=\"text-editor.default\">\n\t\t\t\t<div class=\"elementor-widget-container\">\n\t\t\t\t\t\t\t\t\t<p style=\"text-align: center;\"><strong>COMMENT G\u00c9RER LES COOKIES \u00c0 PARTIR DE TON NAVIGATEUR<\/strong><\/p><table><tbody><tr><td><p style=\"text-align: left; padding-left: 40px;\">Supprime les cookies de ton appareil<\/p><\/td><td><p style=\"text-align: left; padding-left: 40px;\">Les cookies qui se trouvent d\u00e9j\u00e0 sur un appareil peuvent \u00eatre supprim\u00e9s en effa\u00e7ant l&rsquo;historique du navigateur, ce qui supprime les cookies de tous les sites Web visit\u00e9s.<br>Cependant, certaines des informations sauvegard\u00e9es (par exemple, les donn\u00e9es de connexion ou les pr\u00e9f\u00e9rences du site Web) peuvent \u00e9galement \u00eatre perdues.<\/p><\/td><\/tr><tr><td><p style=\"text-align: left; padding-left: 40px;\">G\u00e9rer les cookies sp\u00e9cifiques au site<\/p><\/td><td><p style=\"text-align: left; padding-left: 40px;\">Pour un contr\u00f4le plus pr\u00e9cis des cookies sp\u00e9cifiques \u00e0 un site, les utilisateurs peuvent ajuster leurs param\u00e8tres de confidentialit\u00e9 et les cookies dans leur navigateur.<\/p><\/td><\/tr><tr><td><p style=\"text-align: left; padding-left: 40px;\">Bloquer les cookies<\/p><\/td><td><p style=\"text-align: left; padding-left: 40px;\">Bien que la plupart des navigateurs modernes puissent \u00eatre configur\u00e9s pour emp\u00eacher l&rsquo;installation de cookies sur un appareil, cela peut n\u00e9cessiter l&rsquo;ajustement manuel de certaines pr\u00e9f\u00e9rences \u00e0 chaque fois qu&rsquo;un site ou une page est<br>visit\u00e9. En outre, certains services et fonctionnalit\u00e9s peuvent ne pas fonctionner correctement (par exemple, les connexions aux profils). <\/p><\/td><\/tr><\/tbody><\/table>\t\t\t\t\t\t\t\t<\/div>\n\t\t\t\t<\/div>\n\t\t\t\t<div class=\"elementor-element elementor-element-d36af0e elementor-widget elementor-widget-text-editor\" data-id=\"d36af0e\" data-element_type=\"widget\" data-e-type=\"widget\" data-widget_type=\"text-editor.default\">\n\t\t\t\t<div class=\"elementor-widget-container\">\n\t\t\t\t\t\t\t\t\t<p><strong>COMMENT G\u00c9RER LES COOKIES DE TON NAVIGATEUR<\/strong><strong>COMMENT SUPPRIMER LES COOKIES DES NAVIGATEURS LES PLUS COURANTS<\/strong><\/p><p>Chrome <a href=\"http:\/\/support.google.com\/chrome\/answer\/95647?hl=es\" target=\"_blank\" rel=\"noopener\">http:\/\/support.google.com\/chrome\/answer\/95647?hl=es<\/a><br>Edge <a href=\"https:\/\/support.microsoft.com\/es-es\/microsoft-edge\/eliminar-las-cookies-en-microsoft-edge-63947406-40ac-c3b8-57b9-2a946a29ae09\" target=\"_blank\" rel=\"noopener\">https:\/\/support.microsoft.com\/es-es\/microsoft-edge\/eliminar-las-cookies-en-microsoft-edge-63947406-40ac-c3b8-57b9-2a946a29ae09<\/a><br>Explorer <a href=\"https:\/\/support.microsoft.com\/es-es\/help\/278835\/how-to-delete-cookie-files-in-internet-explorer\" target=\"_blank\" rel=\"noopener\">https:\/\/support.microsoft.com\/es-es\/help\/278835\/how-to-delete-cookie-files-in-internet-explorer<\/a><br>Firefox <a href=\"https:\/\/www.mozilla.org\/es-ES\/privacy\/websites\/#cookies\" target=\"_blank\" rel=\"noopener\">https:\/\/www.mozilla.org\/es-ES\/privacy\/websites\/#cookies<\/a><br>Safari <a href=\"https:\/\/support.apple.com\/es-es\/guide\/safari\/sfri11471\/mac\" target=\"_blank\" rel=\"noopener\">https:\/\/support.apple.com\/es-es\/guide\/safari\/sfri11471\/mac<\/a><br>Opera <a href=\"https:\/\/help.opera.com\/en\/latest\/security-and-privacy\/#clearBrowsingData\" target=\"_blank\" rel=\"noopener\">https:\/\/help.opera.com\/en\/latest\/security-and-privacy\/#clearBrowsingData<\/a><\/p>\t\t\t\t\t\t\t\t<\/div>\n\t\t\t\t<\/div>\n\t\t\t\t\t<\/div>\n\t\t\t\t<\/div>\n\t\t<div class=\"elementor-element elementor-element-77ff7a3 e-flex e-con-boxed e-con e-parent\" data-id=\"77ff7a3\" data-element_type=\"container\" data-e-type=\"container\">\n\t\t\t\t\t<div class=\"e-con-inner\">\n\t\t\t\t<div class=\"elementor-element elementor-element-387cf51 elementor-widget elementor-widget-shortcode\" data-id=\"387cf51\" data-element_type=\"widget\" data-e-type=\"widget\" data-widget_type=\"shortcode.default\">\n\t\t\t\t<div class=\"elementor-widget-container\">\n\t\t\t\t\t\t\t<div class=\"elementor-shortcode\">[cmplz-document type=\"cookie-statement\" region=\"eu\"]<\/div>\n\t\t\t\t\t\t<\/div>\n\t\t\t\t<\/div>\n\t\t\t\t\t<\/div>\n\t\t\t\t<\/div>\n\t\t\t\t<\/div>\n\t\t","protected":false},"excerpt":{"rendered":"<p>INFORMATIONS SUR LES COOKIES Conform\u00e9ment \u00e0 la loi 34\/2002, du 11 juillet, sur les services de la soci\u00e9t\u00e9 de l&rsquo;information et du commerce \u00e9lectronique (LSSI), en relation avec le r\u00e8glement (UE) 2016\/679 du Parlement europ\u00e9en et du Conseil, du 27 avril 2016, Protection g\u00e9n\u00e9rale des donn\u00e9es (GDPR) et la loi organique 3\/2018, du 5 d\u00e9cembre,&#8230;<\/p>\n","protected":false},"author":1,"featured_media":0,"parent":0,"menu_order":0,"comment_status":"closed","ping_status":"closed","template":"","meta":{"footnotes":""},"class_list":["post-57128","page","type-page","status-publish","hentry"],"_links":{"self":[{"href":"https:\/\/www.habity.es\/fr\/wp-json\/wp\/v2\/pages\/57128","targetHints":{"allow":["GET"]}}],"collection":[{"href":"https:\/\/www.habity.es\/fr\/wp-json\/wp\/v2\/pages"}],"about":[{"href":"https:\/\/www.habity.es\/fr\/wp-json\/wp\/v2\/types\/page"}],"author":[{"embeddable":true,"href":"https:\/\/www.habity.es\/fr\/wp-json\/wp\/v2\/users\/1"}],"replies":[{"embeddable":true,"href":"https:\/\/www.habity.es\/fr\/wp-json\/wp\/v2\/comments?post=57128"}],"version-history":[{"count":2,"href":"https:\/\/www.habity.es\/fr\/wp-json\/wp\/v2\/pages\/57128\/revisions"}],"predecessor-version":[{"id":68252,"href":"https:\/\/www.habity.es\/fr\/wp-json\/wp\/v2\/pages\/57128\/revisions\/68252"}],"wp:attachment":[{"href":"https:\/\/www.habity.es\/fr\/wp-json\/wp\/v2\/media?parent=57128"}],"curies":[{"name":"wp","href":"https:\/\/api.w.org\/{rel}","templated":true}]}}